{"id":3,"date":"2022-07-28T17:17:38","date_gmt":"2022-07-28T17:17:38","guid":{"rendered":"http:\/\/siivouspalveluleppis.fi\/?page_id=3"},"modified":"2022-11-05T14:25:15","modified_gmt":"2022-11-05T11:25:15","slug":"tietosuojaseloste","status":"publish","type":"page","link":"https:\/\/siivouspalveluleppis.fi\/en\/tietosuojaseloste\/","title":{"rendered":"Tietosuojaseloste | Siivouspalvelu Leppis"},"content":{"rendered":"<div data-elementor-type=\"wp-page\" data-elementor-id=\"3\" class=\"elementor elementor-3\">\n\t\t\t\t\t\t<section class=\"elementor-section elementor-top-section elementor-element elementor-element-7d8cb8b8 elementor-section-boxed elementor-section-height-default elementor-section-height-default\" data-id=\"7d8cb8b8\" data-element_type=\"section\" data-e-type=\"section\">\n\t\t\t\t\t\t<div class=\"elementor-container elementor-column-gap-default\">\n\t\t\t\t\t<div class=\"elementor-column elementor-col-100 elementor-top-column elementor-element elementor-element-7b7c843b\" data-id=\"7b7c843b\" data-element_type=\"column\" data-e-type=\"column\">\n\t\t\t<div class=\"elementor-widget-wrap elementor-element-populated\">\n\t\t\t\t\t\t<div class=\"elementor-element elementor-element-56a40852 elementor-widget elementor-widget-text-editor\" data-id=\"56a40852\" data-element_type=\"widget\" data-e-type=\"widget\" data-widget_type=\"text-editor.default\">\n\t\t\t\t<div class=\"elementor-widget-container\">\n\t\t\t\t\t\t\t\t\t<p><\/p>\n<h2 class=\"wp-block-heading\">Rekisteriseloste<\/h2>\n<p><\/p>\n<p><\/p>\n<p>Rekisterinpit\u00e4j\u00e4ll\u00e4 on tietosuoja-asetuksen mukaan velvollisuus informoida selke\u00e4ll\u00e4 tavalla rekister\u00f6ityj\u00e4.<br \/>T\u00e4m\u00e4 seloste t\u00e4ytt\u00e4\u00e4 informointivelvoitteen.<\/p>\n<p><\/p>\n<p><\/p>\n<h2 class=\"wp-block-heading\">1. Rekisterinpit\u00e4j\u00e4<\/h2>\n<p><\/p>\n<p><\/p>\n<p>Siivouspalvelu Leppis<br \/>y-tunnus 3289959-1<br \/>Yhteystiedot:<br \/>Tuulikatu 7<br \/>28200 Pori<\/p>\n<p><\/p>\n<p><\/p>\n<p>Yhteystiedot rekisteri\u00e4 koskevissa asioissa<\/p>\n<p><\/p>\n<p><\/p>\n<p><br \/>Tuula Rosenberg<br \/>Tuulikatu 7<br \/>28200 Pori<br \/>puhelin 040 221 5954<br \/>s\u00e4hk\u00f6posti siivouspalveluleppis@gmail.com<\/p>\n<p><\/p>\n<p><\/p>\n<h2 class=\"wp-block-heading\">2. Rekisterin nimi ja sis\u00e4lt\u00f6<\/h2>\n<p><\/p>\n<p><\/p>\n<p>Siivouspalvelu Leppis asiakasrekisteri. Rekister\u00f6ityin\u00e4 ovat rekisterinpit\u00e4j\u00e4n asiakkaat.<\/p>\n<p><\/p>\n<p><\/p>\n<h2 class=\"wp-block-heading\">3. Henkil\u00f6tietojen k\u00e4ytt\u00f6tarkoitus<\/h2>\n<p><\/p>\n<p><\/p>\n<p>Henkil\u00f6tietoja k\u00e4sitell\u00e4\u00e4n rekister\u00f6idyn asiakassuhteen perusteella. Henkil\u00f6tietojen k\u00e4sittelyn ja rekisterin k\u00e4ytt\u00f6tarkoitus<br \/>Henkil\u00f6tietoja k\u00e4sitell\u00e4\u00e4n vain ennalta m\u00e4\u00e4riteltyihin tarkoituksiin, jotka ovat seuraavat:<br \/>\u2022 asiakassuhteen hoitaminen<br \/>\u2022 laskutus<\/p>\n<p><\/p>\n<p><\/p>\n<h2 class=\"wp-block-heading\">4. Rekisteriin tallennettavat henkil\u00f6tiedot<\/h2>\n<p><\/p>\n<p><\/p>\n<p>Asiakasrekisteri sis\u00e4lt\u00e4\u00e4 seuraavat tiedot:<br \/>Yhteystiedot<br \/>\u2022 nimi<br \/>\u2022 osoite<br \/>\u2022 s\u00e4hk\u00f6posti<br \/>\u2022 puhelinnumero<br \/>Asiakastiedot<br \/>\u2022 tiedot ostetuista palveluista ja tuotteista sek\u00e4 n\u00e4iden ajankohdat<\/p>\n<p><\/p>\n<p><\/p>\n<h2 class=\"wp-block-heading\">5. Rekister\u00f6idyn oikeudet<\/h2>\n<p><\/p>\n<p><\/p>\n<p>Rekister\u00f6idyll\u00e4 on alla mainitut oikeudet, joiden k\u00e4ytt\u00e4mist\u00e4 koskevat pyynn\u00f6t tulee tehd\u00e4 osoitteeseen<br \/>siivouspalveluleppis@gmail.com<\/p>\n<p><\/p>\n<p><\/p>\n<p>Tarkastusoikeus<br \/>Rekister\u00f6ity voi tarkistaa tallentamamme henkil\u00f6tiedot.<br \/>Oikeus tietojen oikaisemiseen<br \/>Rekister\u00f6ity voi pyyt\u00e4\u00e4 oikaisemaan h\u00e4nt\u00e4 koskevat virheelliset tai puutteelliset tiedot.<\/p>\n<p><\/p>\n<p><\/p>\n<p><br \/>Vastustamisoikeus<br \/>Rekister\u00f6ity voi vastustaa henkil\u00f6tietojen k\u00e4sittely\u00e4, mik\u00e4li kokee, ett\u00e4 henkil\u00f6tietoja on k\u00e4sitelty lainvastaisesti.<\/p>\n<p><\/p>\n<p><\/p>\n<p><br \/>Suoramarkkinointikielto<br \/>Rekister\u00f6idyll\u00e4 on oikeus kielt\u00e4\u00e4 tietojen k\u00e4ytt\u00e4minen suoramarkkinointiin. Poisto-oikeus<br \/>Rekister\u00f6idyll\u00e4 on oikeus pyyt\u00e4\u00e4 tietojen poistamista, jos tietojen k\u00e4sittely ei ole tarpeen. K\u00e4sittelemme poistopyynn\u00f6n, jonka j\u00e4lkeen joko poistamme tiedot tai ilmoitamme perustellun syyn, miksi tietoja ei voida poistaa. On huomioitava, ett\u00e4<br \/>rekisterinpit\u00e4j\u00e4ll\u00e4 voi olla lakis\u00e4\u00e4teinen tai muu oikeus olla poistamatta pyydetty\u00e4 tietoa. Rekisterinpit\u00e4j\u00e4ll\u00e4 on velvollisuus s\u00e4ilytt\u00e4\u00e4 kirjanpitoaineisto Kirjanpitolaissa (luku 2, 10 \u00a7) m\u00e4\u00e4ritellyn ajan (10 vuotta) mukaisesti. T\u00e4m\u00e4n vuoksi kirjanpitoon<br \/>liittyv\u00e4\u00e4 aineistoa ei voida poistaa ennen m\u00e4\u00e4r\u00e4ajan umpeutumista.<\/p>\n<p><\/p>\n<p><\/p>\n<p><br \/>Suostumuksen peruuttaminen<br \/>Jos rekister\u00f6ity\u00e4 koskeva henkil\u00f6tietojen k\u00e4sittely perustuu ainoastaan suostumukseen, eik\u00e4 esim. asiakkuuteen tai j\u00e4senyyteen, voi rekister\u00f6ity peruuttaa suostumuksen.<br \/>Rekister\u00f6ity voi valittaa p\u00e4\u00e4t\u00f6ksest\u00e4 tietosuojavaltuutetulle<br \/>Rekister\u00f6idyll\u00e4 on oikeus vaatia, ett\u00e4 rajoitamme kiistanalaisten tietojen k\u00e4sittely\u00e4 siksi aikaa, kunnes asia saadaan ratkaistua.<\/p>\n<p><\/p>\n<p><\/p>\n<p><br \/>Valitusoikeus<br \/>Rekister\u00f6idyll\u00e4 on oikeus tehd\u00e4 valitus tietosuojavaltuutetulle kantelu, jos h\u00e4n kokee, ett\u00e4 rikomme henkil\u00f6tietoja k\u00e4sitelless\u00e4mme voimassa olevaa tietosuojalains\u00e4\u00e4d\u00e4nt\u00f6\u00e4. Tietosuojavaltuutetun yhteystiedot: https:\/\/tietosuoja.fi\/fi\/yhteystiedot<\/p>\n<p><\/p>\n<p><\/p>\n<h2 class=\"wp-block-heading\">6. S\u00e4\u00e4nn\u00f6nmukaiset tietol\u00e4hteet<\/h2>\n<p><\/p>\n<p><\/p>\n<p>Asiakastiedot saadaan s\u00e4\u00e4nn\u00f6nmukaisesti asiakkaalta itselt\u00e4\u00e4n asiakassuhteen syntyess\u00e4.<\/p>\n<p><\/p>\n<p><\/p>\n<h2 class=\"wp-block-heading\">7. S\u00e4\u00e4nn\u00f6nmukaiset tietojen luovutukset<\/h2>\n<p><\/p>\n<p><\/p>\n<p>Tietoja ei luovuteta markkinointitarkoituksiin Siivouspalvelu Leppis ulkopuolelle.<\/p>\n<p><\/p>\n<p><\/p>\n<h2 class=\"wp-block-heading\">8. K\u00e4sittelyn kesto<\/h2>\n<p><\/p>\n<p><\/p>\n<p>Henkil\u00f6tietoja k\u00e4sitell\u00e4\u00e4n p\u00e4\u00e4s\u00e4\u00e4nt\u00f6isesti niin kauan, kuin asiakkuus on voimassa.<\/p>\n<p><\/p>\n<p><\/p>\n<h2 class=\"wp-block-heading\">9. Henkil\u00f6tietojen k\u00e4sittelij\u00e4<\/h2>\n<p><\/p>\n<p><\/p>\n<p>Rekisterinpit\u00e4j\u00e4n ty\u00f6ntekij\u00e4t k\u00e4sittelev\u00e4t henkil\u00f6tietoja. Voimme my\u00f6s ulkoistaa henkil\u00f6tietojen k\u00e4sittelyn osittain kolmannelle osapuolelle (esimerkiksi tilitoimisto), jolloin takaamme sopimusj\u00e4rjestelyin, ett\u00e4 henkil\u00f6tietoja k\u00e4sitell\u00e4\u00e4n voimassa olevan tietosuojalains\u00e4\u00e4d\u00e4nn\u00f6n mukaisesti ja muutoin asianmukaisesti.<\/p>\n<p><\/p>\n<p><\/p>\n<h2 class=\"wp-block-heading\">10. Tietojen siirto EU:n ulkopuolelle<\/h2>\n<p><\/p>\n<p><\/p>\n<p>Henkil\u00f6tietoja ei siirret\u00e4 EU:n tai Euroopan talousalueen ulkopuolelle.<\/p>\n<p><\/p>\n<p><\/p>\n<h2 class=\"wp-block-heading\">11. Automaattinen p\u00e4\u00e4t\u00f6ksenteko ja profilointi<\/h2>\n<p><\/p>\n<p><\/p>\n<p>Emme k\u00e4yt\u00e4 tietoja automaattiseen p\u00e4\u00e4t\u00f6ksentekoon tai profilointiin.<\/p>\n<p><\/p>\t\t\t\t\t\t\t\t<\/div>\n\t\t\t\t<\/div>\n\t\t\t\t\t<\/div>\n\t\t<\/div>\n\t\t\t\t\t<\/div>\n\t\t<\/section>\n\t\t\t\t<\/div>","protected":false},"excerpt":{"rendered":"<p>Rekisteriseloste Rekisterinpit\u00e4j\u00e4ll\u00e4 on tietosuoja-asetuksen mukaan velvollisuus informoida selke\u00e4ll\u00e4 tavalla rekister\u00f6ityj\u00e4.T\u00e4m\u00e4 seloste t\u00e4ytt\u00e4\u00e4 informointivelvoitteen. 1. Rekisterinpit\u00e4j\u00e4 Siivouspalvelu Leppisy-tunnus 3289959-1Yhteystiedot:Tuulikatu 728200 Pori Yhteystiedot rekisteri\u00e4 koskevissa asioissa Tuula RosenbergTuulikatu 728200 Poripuhelin 040 221 5954s\u00e4hk\u00f6posti siivouspalveluleppis@gmail.com 2. Rekisterin nimi ja sis\u00e4lt\u00f6 Siivouspalvelu Leppis asiakasrekisteri. Rekister\u00f6ityin\u00e4 ovat rekisterinpit\u00e4j\u00e4n asiakkaat. 3. Henkil\u00f6tietojen k\u00e4ytt\u00f6tarkoitus Henkil\u00f6tietoja k\u00e4sitell\u00e4\u00e4n rekister\u00f6idyn asiakassuhteen perusteella. Henkil\u00f6tietojen k\u00e4sittelyn ja &hellip;<\/p>\n<p class=\"read-more\"> <a class=\"\" href=\"https:\/\/siivouspalveluleppis.fi\/en\/tietosuojaseloste\/\"> <span class=\"screen-reader-text\">Tietosuojaseloste | Siivouspalvelu Leppis<\/span> Read More &raquo;<\/a><\/p>","protected":false},"author":1,"featured_media":0,"parent":0,"menu_order":0,"comment_status":"closed","ping_status":"open","template":"","meta":{"om_disable_all_campaigns":false,"_monsterinsights_skip_tracking":false,"_monsterinsights_sitenote_active":false,"_monsterinsights_sitenote_note":"","_monsterinsights_sitenote_category":0,"site-sidebar-layout":"default","site-content-layout":"default","ast-global-header-display":"","ast-main-header-display":"","ast-hfb-above-header-display":"","ast-hfb-below-header-display":"","ast-hfb-mobile-header-display":"","site-post-title":"","ast-breadcrumbs-content":"","ast-featured-img":"","footer-sml-layout":"","theme-transparent-header-meta":"","adv-header-id-meta":"","stick-header-meta":"","header-above-stick-meta":"","header-main-stick-meta":"","header-below-stick-meta":"","footnotes":""},"class_list":["post-3","page","type-page","status-publish","hentry"],"aioseo_notices":[],"_links":{"self":[{"href":"https:\/\/siivouspalveluleppis.fi\/en\/wp-json\/wp\/v2\/pages\/3","targetHints":{"allow":["GET"]}}],"collection":[{"href":"https:\/\/siivouspalveluleppis.fi\/en\/wp-json\/wp\/v2\/pages"}],"about":[{"href":"https:\/\/siivouspalveluleppis.fi\/en\/wp-json\/wp\/v2\/types\/page"}],"author":[{"embeddable":true,"href":"https:\/\/siivouspalveluleppis.fi\/en\/wp-json\/wp\/v2\/users\/1"}],"replies":[{"embeddable":true,"href":"https:\/\/siivouspalveluleppis.fi\/en\/wp-json\/wp\/v2\/comments?post=3"}],"version-history":[{"count":13,"href":"https:\/\/siivouspalveluleppis.fi\/en\/wp-json\/wp\/v2\/pages\/3\/revisions"}],"predecessor-version":[{"id":1505,"href":"https:\/\/siivouspalveluleppis.fi\/en\/wp-json\/wp\/v2\/pages\/3\/revisions\/1505"}],"wp:attachment":[{"href":"https:\/\/siivouspalveluleppis.fi\/en\/wp-json\/wp\/v2\/media?parent=3"}],"curies":[{"name":"wp","href":"https:\/\/api.w.org\/{rel}","templated":true}]}}